{"id":424,"date":"2024-10-26T20:11:34","date_gmt":"2024-10-26T20:11:34","guid":{"rendered":"https:\/\/www.nakliyeburada.net\/market\/?post_type=product&#038;p=424"},"modified":"2025-02-02T18:09:42","modified_gmt":"2025-02-02T18:09:42","slug":"21-ev-nakliye-ambalaj-paketi","status":"publish","type":"product","link":"https:\/\/www.nakliyeburada.net\/market\/product\/21-ev-nakliye-ambalaj-paketi\/","title":{"rendered":"2+1 Ev Nakliye Ambalaj Paketi"},"content":{"rendered":"","protected":false},"excerpt":{"rendered":"<h3><span style=\"color: #339966;\">DETAYLI B\u0130LG\u0130 \u0130\u00c7\u0130N: 0 (533) 054 66 45<\/span><\/h3>\n<p>PAKET \u0130\u00c7ER\u0130\u011e\u0130:<\/p>\n<ul>\n<li>2 ADET 100 METRE BALONLU PATPAT<\/li>\n<li>30 ADET TA\u015eINMA KOL\u0130S\u0130 40x60x40 cm<\/li>\n<li>2 ADET 250 METRE STRE\u00c7<\/li>\n<li>8 ADET KOL\u0130 BANDI<\/li>\n<\/ul>\n","protected":false},"featured_media":280,"comment_status":"closed","ping_status":"closed","template":"","meta":{"om_disable_all_campaigns":false,"_monsterinsights_skip_tracking":false,"_monsterinsights_sitenote_active":false,"_monsterinsights_sitenote_note":"","_monsterinsights_sitenote_category":0},"product_cat":[27,19],"product_tag":[],"class_list":{"0":"post-424","1":"product","2":"type-product","3":"status-publish","4":"has-post-thumbnail","6":"product_cat-market","7":"product_cat-plastik-kutu","9":"first","10":"instock","11":"shipping-taxable","12":"product-type-simple"},"aioseo_notices":[],"_links":{"self":[{"href":"https:\/\/www.nakliyeburada.net\/market\/wp-json\/wp\/v2\/product\/424","targetHints":{"allow":["GET"]}}],"collection":[{"href":"https:\/\/www.nakliyeburada.net\/market\/wp-json\/wp\/v2\/product"}],"about":[{"href":"https:\/\/www.nakliyeburada.net\/market\/wp-json\/wp\/v2\/types\/product"}],"replies":[{"embeddable":true,"href":"https:\/\/www.nakliyeburada.net\/market\/wp-json\/wp\/v2\/comments?post=424"}],"wp:featuredmedia":[{"embeddable":true,"href":"https:\/\/www.nakliyeburada.net\/market\/wp-json\/wp\/v2\/media\/280"}],"wp:attachment":[{"href":"https:\/\/www.nakliyeburada.net\/market\/wp-json\/wp\/v2\/media?parent=424"}],"wp:term":[{"taxonomy":"product_cat","embeddable":true,"href":"https:\/\/www.nakliyeburada.net\/market\/wp-json\/wp\/v2\/product_cat?post=424"},{"taxonomy":"product_tag","embeddable":true,"href":"https:\/\/www.nakliyeburada.net\/market\/wp-json\/wp\/v2\/product_tag?post=424"}],"curies":[{"name":"wp","href":"https:\/\/api.w.org\/{rel}","templated":true}]}}