{"id":383,"date":"2024-10-22T19:57:21","date_gmt":"2024-10-22T19:57:21","guid":{"rendered":"https:\/\/www.nakliyeburada.net\/market\/?post_type=product&#038;p=383"},"modified":"2025-02-02T18:05:31","modified_gmt":"2025-02-02T18:05:31","slug":"21-ev-25-tasinma-kutusu","status":"publish","type":"product","link":"https:\/\/www.nakliyeburada.net\/market\/product\/21-ev-25-tasinma-kutusu\/","title":{"rendered":"2+1 Ev (25 Ta\u015f\u0131nma Kutusu)"},"content":{"rendered":"","protected":false},"excerpt":{"rendered":"<h3><span style=\"color: #339966;\">DETAYLI B\u0130LG\u0130 \u0130\u00c7\u0130N: 0 (533) 054 66 45<\/span><\/h3>\n<ul class=\"fl-pricing-table-features\">\n<li><span style=\"color: #ff6600;\"><strong>Ta\u015f\u0131ma Kapasitesi: 25 kg<\/strong><\/span><\/li>\n<li><span style=\"color: #ff6600;\"><strong>\u00d6l\u00e7\u00fcler: 40x59x36,5 cm<\/strong><\/span><\/li>\n<li><span style=\"color: #ff6600;\"><strong>\u00dccretsiz Eve Teslim\/Al\u0131m<\/strong><\/span><\/li>\n<li><span style=\"color: #ff6600;\"><strong>Bu hizmet Ankara i\u00e7in ge\u00e7erlidir.<\/strong><\/span><\/li>\n<li><strong><span style=\"color: #000080;\">2+1 ev i\u00e7in tavsiye edilen kutu say\u0131s\u0131 25 &#8216;dir. Ancak evin ve paketlenecek e\u015fyan\u0131n miktar\u0131na g\u00f6re bu ihtiya\u00e7 de\u011fi\u015febilir.<\/span><\/strong><\/li>\n<\/ul>\n","protected":false},"featured_media":271,"comment_status":"closed","ping_status":"closed","template":"","meta":{"om_disable_all_campaigns":false,"_monsterinsights_skip_tracking":false,"_monsterinsights_sitenote_active":false,"_monsterinsights_sitenote_note":"","_monsterinsights_sitenote_category":0},"product_cat":[26,19],"product_tag":[],"class_list":{"0":"post-383","1":"product","2":"type-product","3":"status-publish","4":"has-post-thumbnail","6":"product_cat-kiralik","7":"product_cat-plastik-kutu","9":"first","10":"instock","11":"shipping-taxable","12":"product-type-simple"},"aioseo_notices":[],"_links":{"self":[{"href":"https:\/\/www.nakliyeburada.net\/market\/wp-json\/wp\/v2\/product\/383","targetHints":{"allow":["GET"]}}],"collection":[{"href":"https:\/\/www.nakliyeburada.net\/market\/wp-json\/wp\/v2\/product"}],"about":[{"href":"https:\/\/www.nakliyeburada.net\/market\/wp-json\/wp\/v2\/types\/product"}],"replies":[{"embeddable":true,"href":"https:\/\/www.nakliyeburada.net\/market\/wp-json\/wp\/v2\/comments?post=383"}],"wp:featuredmedia":[{"embeddable":true,"href":"https:\/\/www.nakliyeburada.net\/market\/wp-json\/wp\/v2\/media\/271"}],"wp:attachment":[{"href":"https:\/\/www.nakliyeburada.net\/market\/wp-json\/wp\/v2\/media?parent=383"}],"wp:term":[{"taxonomy":"product_cat","embeddable":true,"href":"https:\/\/www.nakliyeburada.net\/market\/wp-json\/wp\/v2\/product_cat?post=383"},{"taxonomy":"product_tag","embeddable":true,"href":"https:\/\/www.nakliyeburada.net\/market\/wp-json\/wp\/v2\/product_tag?post=383"}],"curies":[{"name":"wp","href":"https:\/\/api.w.org\/{rel}","templated":true}]}}